{"id":3859,"date":"2017-08-04T10:42:18","date_gmt":"2017-08-04T08:42:18","guid":{"rendered":"https:\/\/www.inoxbim.com\/mac-chef\/"},"modified":"2022-10-03T16:33:36","modified_gmt":"2022-10-03T14:33:36","slug":"mac-chef","status":"publish","type":"page","link":"https:\/\/www.inoxbim.com\/fr\/mac-chef\/","title":{"rendered":"Mac Chef"},"content":{"rendered":"<p><div class=\"fusion-fullwidth fullwidth-box fusion-builder-row-1 fusion-parallax-none hundred-percent-fullwidth non-hundred-percent-height-scrolling\" style=\"--awb-border-radius-top-left:0px;--awb-border-radius-top-right:0px;--awb-border-radius-bottom-right:0px;--awb-border-radius-bottom-left:0px;--awb-padding-top:176px;--awb-padding-right:0px;--awb-padding-bottom:176px;--awb-padding-left:0px;--awb-background-image:url(&quot;https:\/\/www.inoxbim.com\/wp-content\/uploads\/2020\/08\/Foto-assistenza-MacChef_res.jpg&quot;);--awb-background-size:cover;--awb-flex-wrap:wrap;\" ><div class=\"fusion-builder-row fusion-row\"><div class=\"fusion-layout-column fusion_builder_column fusion-builder-column-0 fusion_builder_column_1_1 1_1 fusion-one-full fusion-column-first fusion-column-last\" style=\"--awb-bg-size:cover;\"><div class=\"fusion-column-wrapper fusion-flex-column-wrapper-legacy\"><div class=\"fusion-clearfix\"><\/div><\/div><\/div><\/div><\/div><div class=\"fusion-fullwidth fullwidth-box fusion-builder-row-2 nonhundred-percent-fullwidth non-hundred-percent-height-scrolling\" style=\"--awb-border-radius-top-left:0px;--awb-border-radius-top-right:0px;--awb-border-radius-bottom-right:0px;--awb-border-radius-bottom-left:0px;--awb-flex-wrap:wrap;\" ><div class=\"fusion-builder-row fusion-row\"><div class=\"fusion-layout-column fusion_builder_column fusion-builder-column-1 fusion_builder_column_1_1 1_1 fusion-one-full fusion-column-first fusion-column-last\" style=\"--awb-bg-size:cover;\"><div class=\"fusion-column-wrapper fusion-flex-column-wrapper-legacy\"><div class=\"fusion-text fusion-text-1\"><p>MacChef \u00e8 il nuovo servizio di assistenza professionale dedicato a tutti i nostri clienti, erogato attraverso la nostra rete di rivenditori selezionati su tutto il territorio nazionale. MacChef diventa un <strong>marchio di garanzia<\/strong> da abbinare all\u2019acquisto di tutte le attrezzature INOXBIM, in particolare per le nostre macchine industria 4.0 interconnesse:<\/p>\n<ul>\n<li>armadi refrigerati;<\/li>\n<li>armadi ferma-lievitazione;<\/li>\n<li>armadi climatici;<\/li>\n<li>armadi refrigerati con ozono ed armadi igienizzanti;<\/li>\n<li>armadi igienizzanti;<\/li>\n<li>abbattitori, abbattitori scongelatori;<\/li>\n<li>generatore ozono portatile;<\/li>\n<\/ul>\n<p>INOXBIM ricerca da sempre il miglioramento delle condizioni di lavoro delle persone che utilizzano le nostre attrezzature professionali. Oggi, grazie alla nostra esperienza ventennale di produttori siamo in grado di far risparmiare tempo ed energia senza rinunciare alla qualit\u00e0 delle vostre preparazioni. Per accompagnare i nostri clienti nell\u2019implementazione di una CUCINA 4.0, ci siamo strutturati per offrire:<\/p>\n<p><strong>SERVIZI ON-LINE<\/strong><\/p>\n<p><strong>MacChef Academy<br \/>\n<\/strong>Corsi di formazione tecnica rivolti a tutti i nostri clienti rivenditori che desiderano approfondire le loro conoscenze in termini di funzionalit\u00e0, installazione, programmazione, risparmio energetico ed assistenza delle varie attrezzature 4.0. Ogni incontro \u00e8 dedicato ad un argomento specifico e si pu\u00f2 seguire on-line attraverso un accesso riservato. Sono previsti dei corsi a pagamento su richiesta dei singoli clienti.<\/p>\n<p><strong>Teleassistenza<br \/>\n<\/strong>Per i nostri rivenditori \u00e8 possibile attivare o far attivare per i loro clienti un intervento da remoto a pagamento. In caso di malfunzionamento o programmazione di una nostra attrezzatura 4.0, l\u2019utilizzatore della stella potr\u00e0 contattare il nostro ufficio tecnico dedicato all\u2019assistenza.<\/p>\n<\/div><div class=\"fusion-aligncenter\"><a class=\"fusion-button button-flat button-large button-custom fusion-button-default button-1 fusion-button-default-span fusion-button-default-type\" style=\"--button_accent_color:#ffffff;--button_accent_hover_color:#ffffff;--button_border_hover_color:#ffffff;--button-border-radius-top-left:0px;--button-border-radius-top-right:0px;--button-border-radius-bottom-right:0px;--button-border-radius-bottom-left:0px;--button_gradient_top_color:#7d5f38;--button_gradient_bottom_color:#7d5f38;--button_gradient_top_color_hover:#003767;--button_gradient_bottom_color_hover:#003767;\" target=\"_blank\" rel=\"noopener noreferrer\" href=\"https:\/\/book.timify.com\/services?accountId=619b3d8f54c98f112218ea8b&amp;hideCloseButton=true\"><span class=\"fusion-button-text\">Prenota qui i servizi on-line<\/span><\/a><\/div><div class=\"fusion-text fusion-text-2\"><p><strong>SERVIZI ON-SITE<\/strong><\/p>\n<p><strong>Riparazione e sostituzione macchina<br \/>\n<\/strong>Quando previsto dal contratto con il rivenditore, se l\u2019assistenza da remoto non riesce a risolvere i problemi riscontrati, \u00e8 possibile fare richiesta di una macchina sostitutiva di quella in riparazione.<\/p>\n<p><strong>Noleggio 24 mesi<br \/>\n<\/strong>Servizio su richiesta del rivenditore o dei suoi clienti.<\/p>\n<p>Per maggiori informazioni contatta il nostro ufficio tecnico allo <strong>0547.85855<\/strong><\/p>\n<\/div><div class=\"fusion-clearfix\"><\/div><\/div><\/div><\/div><\/div><\/p>\n","protected":false},"excerpt":{"rendered":"","protected":false},"author":1,"featured_media":0,"parent":0,"menu_order":4,"comment_status":"closed","ping_status":"closed","template":"100-width.php","meta":{"_acf_changed":false,"footnotes":""},"class_list":["post-3859","page","type-page","status-publish","hentry"],"acf":[],"yoast_head":"<!-- This site is optimized with the Yoast SEO plugin v22.6 - https:\/\/yoast.com\/wordpress\/plugins\/seo\/ -->\n<title>Mac Chef - Inoxbim<\/title>\n<meta name=\"robots\" content=\"index, follow, max-snippet:-1, max-image-preview:large, max-video-preview:-1\" \/>\n<link rel=\"canonical\" href=\"https:\/\/www.inoxbim.com\/fr\/mac-chef\/\" \/>\n<meta property=\"og:locale\" content=\"fr_FR\" \/>\n<meta property=\"og:type\" content=\"article\" \/>\n<meta property=\"og:title\" content=\"Mac Chef - Inoxbim\" \/>\n<meta property=\"og:url\" content=\"https:\/\/www.inoxbim.com\/fr\/mac-chef\/\" \/>\n<meta property=\"og:site_name\" content=\"Inoxbim\" \/>\n<meta property=\"article:modified_time\" content=\"2022-10-03T14:33:36+00:00\" \/>\n<meta name=\"twitter:card\" content=\"summary_large_image\" \/>\n<meta name=\"twitter:label1\" content=\"Dur\u00e9e de lecture estim\u00e9e\" \/>\n\t<meta name=\"twitter:data1\" content=\"4 minutes\" \/>\n<script type=\"application\/ld+json\" class=\"yoast-schema-graph\">{\"@context\":\"https:\/\/schema.org\",\"@graph\":[{\"@type\":\"WebPage\",\"@id\":\"https:\/\/www.inoxbim.com\/fr\/mac-chef\/\",\"url\":\"https:\/\/www.inoxbim.com\/fr\/mac-chef\/\",\"name\":\"Mac Chef - Inoxbim\",\"isPartOf\":{\"@id\":\"https:\/\/www.inoxbim.com\/#website\"},\"datePublished\":\"2017-08-04T08:42:18+00:00\",\"dateModified\":\"2022-10-03T14:33:36+00:00\",\"breadcrumb\":{\"@id\":\"https:\/\/www.inoxbim.com\/fr\/mac-chef\/#breadcrumb\"},\"inLanguage\":\"fr-FR\",\"potentialAction\":[{\"@type\":\"ReadAction\",\"target\":[\"https:\/\/www.inoxbim.com\/fr\/mac-chef\/\"]}]},{\"@type\":\"BreadcrumbList\",\"@id\":\"https:\/\/www.inoxbim.com\/fr\/mac-chef\/#breadcrumb\",\"itemListElement\":[{\"@type\":\"ListItem\",\"position\":1,\"name\":\"Home\",\"item\":\"https:\/\/www.inoxbim.com\/fr\/\"},{\"@type\":\"ListItem\",\"position\":2,\"name\":\"Mac Chef\"}]},{\"@type\":\"WebSite\",\"@id\":\"https:\/\/www.inoxbim.com\/#website\",\"url\":\"https:\/\/www.inoxbim.com\/\",\"name\":\"Inoxbim\",\"description\":\"Attrezzature per ristorazione\",\"potentialAction\":[{\"@type\":\"SearchAction\",\"target\":{\"@type\":\"EntryPoint\",\"urlTemplate\":\"https:\/\/www.inoxbim.com\/?s={search_term_string}\"},\"query-input\":\"required name=search_term_string\"}],\"inLanguage\":\"fr-FR\"}]}<\/script>\n<!-- \/ Yoast SEO plugin. -->","yoast_head_json":{"title":"Mac Chef - Inoxbim","robots":{"index":"index","follow":"follow","max-snippet":"max-snippet:-1","max-image-preview":"max-image-preview:large","max-video-preview":"max-video-preview:-1"},"canonical":"https:\/\/www.inoxbim.com\/fr\/mac-chef\/","og_locale":"fr_FR","og_type":"article","og_title":"Mac Chef - Inoxbim","og_url":"https:\/\/www.inoxbim.com\/fr\/mac-chef\/","og_site_name":"Inoxbim","article_modified_time":"2022-10-03T14:33:36+00:00","twitter_card":"summary_large_image","twitter_misc":{"Dur\u00e9e de lecture estim\u00e9e":"4 minutes"},"schema":{"@context":"https:\/\/schema.org","@graph":[{"@type":"WebPage","@id":"https:\/\/www.inoxbim.com\/fr\/mac-chef\/","url":"https:\/\/www.inoxbim.com\/fr\/mac-chef\/","name":"Mac Chef - Inoxbim","isPartOf":{"@id":"https:\/\/www.inoxbim.com\/#website"},"datePublished":"2017-08-04T08:42:18+00:00","dateModified":"2022-10-03T14:33:36+00:00","breadcrumb":{"@id":"https:\/\/www.inoxbim.com\/fr\/mac-chef\/#breadcrumb"},"inLanguage":"fr-FR","potentialAction":[{"@type":"ReadAction","target":["https:\/\/www.inoxbim.com\/fr\/mac-chef\/"]}]},{"@type":"BreadcrumbList","@id":"https:\/\/www.inoxbim.com\/fr\/mac-chef\/#breadcrumb","itemListElement":[{"@type":"ListItem","position":1,"name":"Home","item":"https:\/\/www.inoxbim.com\/fr\/"},{"@type":"ListItem","position":2,"name":"Mac Chef"}]},{"@type":"WebSite","@id":"https:\/\/www.inoxbim.com\/#website","url":"https:\/\/www.inoxbim.com\/","name":"Inoxbim","description":"Attrezzature per ristorazione","potentialAction":[{"@type":"SearchAction","target":{"@type":"EntryPoint","urlTemplate":"https:\/\/www.inoxbim.com\/?s={search_term_string}"},"query-input":"required name=search_term_string"}],"inLanguage":"fr-FR"}]}},"_links":{"self":[{"href":"https:\/\/www.inoxbim.com\/fr\/wp-json\/wp\/v2\/pages\/3859","targetHints":{"allow":["GET"]}}],"collection":[{"href":"https:\/\/www.inoxbim.com\/fr\/wp-json\/wp\/v2\/pages"}],"about":[{"href":"https:\/\/www.inoxbim.com\/fr\/wp-json\/wp\/v2\/types\/page"}],"author":[{"embeddable":true,"href":"https:\/\/www.inoxbim.com\/fr\/wp-json\/wp\/v2\/users\/1"}],"replies":[{"embeddable":true,"href":"https:\/\/www.inoxbim.com\/fr\/wp-json\/wp\/v2\/comments?post=3859"}],"version-history":[{"count":0,"href":"https:\/\/www.inoxbim.com\/fr\/wp-json\/wp\/v2\/pages\/3859\/revisions"}],"wp:attachment":[{"href":"https:\/\/www.inoxbim.com\/fr\/wp-json\/wp\/v2\/media?parent=3859"}],"curies":[{"name":"wp","href":"https:\/\/api.w.org\/{rel}","templated":true}]}}