{"id":5836,"date":"2019-05-06T12:15:56","date_gmt":"2019-05-06T10:15:56","guid":{"rendered":"https:\/\/www.inoxbim.com\/sitemap\/"},"modified":"2019-05-06T12:17:54","modified_gmt":"2019-05-06T10:17:54","slug":"sitemap","status":"publish","type":"page","link":"https:\/\/www.inoxbim.com\/de\/sitemap\/","title":{"rendered":"Sitemap"},"content":{"rendered":"<div class=\"fusion-fullwidth fullwidth-box fusion-builder-row-1 nonhundred-percent-fullwidth non-hundred-percent-height-scrolling\" style=\"--awb-border-radius-top-left:0px;--awb-border-radius-top-right:0px;--awb-border-radius-bottom-right:0px;--awb-border-radius-bottom-left:0px;--awb-flex-wrap:wrap;\" ><div class=\"fusion-builder-row fusion-row\"><div class=\"fusion-layout-column fusion_builder_column fusion-builder-column-0 fusion_builder_column_1_2 1_2 fusion-one-half fusion-column-first\" style=\"--awb-bg-size:cover;--awb-margin-bottom:0px;width:48%; margin-right: 4%;\"><div class=\"fusion-column-wrapper fusion-flex-column-wrapper-legacy\"><div class=\"fusion-text fusion-text-1\"><div id=\"simple-sitemap-container-69fde1d3397e2\" class=\"simple-sitemap-container simple-sitemap-container-69fde1d3397e2 tab-disabled\"><div class=\"simple-sitemap-wrap\"><h3 class=\"post-type\">Seiten<\/h3><ul class=\"simple-sitemap-page main\"><li class=\"sitemap-item page_item page-item-5834\"><a href=\"https:\/\/www.inoxbim.com\/de\/inoxbim-danke-dass-sie-sich-registriert-haben\/\">Inoxbim - Danke, dass Sie sich registriert haben<\/a><\/li>\n<li class=\"sitemap-item page_item page-item-5841\"><a href=\"https:\/\/www.inoxbim.com\/de\/landing-cpc\/\">Landing CPC<\/a><\/li>\n<li class=\"sitemap-item page_item page-item-5847\"><a href=\"https:\/\/www.inoxbim.com\/de\/professionelle-ausstattungen-restaurant-kuhlvitrinen\/\">Professionelle Ausstattungen\/Restaurant\/K\u00fchlvitrinen<\/a><\/li>\n<li class=\"sitemap-item page_item page-item-5851\"><a href=\"https:\/\/www.inoxbim.com\/de\/\">Home<\/a><\/li>\n<li class=\"sitemap-item page_item page-item-5855\"><a href=\"https:\/\/www.inoxbim.com\/de\/test\/\">Test<\/a><\/li>\n<li class=\"sitemap-item page_item page-item-5798\"><a href=\"https:\/\/www.inoxbim.com\/de\/unsere-geschichte\/\">Unsere Geschichte<\/a><\/li>\n<li class=\"sitemap-item page_item page-item-5830\"><a href=\"https:\/\/www.inoxbim.com\/de\/made-in-italy\/\">Made in Italy<\/a><\/li>\n<li class=\"sitemap-item page_item page-item-5796\"><a href=\"https:\/\/www.inoxbim.com\/de\/produkte\/\">Produkte<\/a><\/li>\n<li class=\"sitemap-item page_item page-item-5816\"><a href=\"https:\/\/www.inoxbim.com\/de\/mac-chef\/\">Mac Chef<\/a><\/li>\n<li class=\"sitemap-item page_item page-item-5824\"><a href=\"https:\/\/www.inoxbim.com\/de\/instandhaltung\/\">Instandhaltung<\/a><\/li>\n<li class=\"sitemap-item page_item page-item-5839\"><a href=\"https:\/\/www.inoxbim.com\/de\/melden-sie-sich-fur-den-newsletter-an\/\">Melden Sie sich f\u00fcr den Newsletter an<\/a><\/li>\n<li class=\"sitemap-item page_item page-item-5828\"><a href=\"https:\/\/www.inoxbim.com\/de\/besichtigung\/\">Besichtigung<\/a><\/li>\n<li class=\"sitemap-item page_item page-item-5818\"><a href=\"https:\/\/www.inoxbim.com\/de\/geschaftsbedingungen\/\">Gesch\u00e4ftsbedingungen<\/a><\/li>\n<li class=\"sitemap-item page_item page-item-5849\"><a href=\"https:\/\/www.inoxbim.com\/de\/faq\/\">FAQ<\/a><\/li>\n<li class=\"sitemap-item page_item page-item-5808\"><a href=\"https:\/\/www.inoxbim.com\/de\/verkaufsstellen\/\">Verkaufsstellen<\/a><\/li>\n<li class=\"sitemap-item page_item page-item-104807\"><a href=\"https:\/\/www.inoxbim.com\/de\/blog\/\">Blog<\/a><\/li>\n<li class=\"sitemap-item page_item page-item-5817\"><a href=\"https:\/\/www.inoxbim.com\/de\/blog-1\/\">Blog<\/a><\/li>\n<li class=\"sitemap-item page_item page-item-5822\"><a href=\"https:\/\/www.inoxbim.com\/de\/video\/\">Video<\/a><\/li>\n<li class=\"sitemap-item page_item page-item-5797\"><a href=\"https:\/\/www.inoxbim.com\/de\/dokumentation\/\">Dokumentation<\/a><\/li>\n<li class=\"sitemap-item page_item page-item-5820\"><a href=\"https:\/\/www.inoxbim.com\/de\/kontakte\/\">Kontakte<\/a><\/li>\n<li class=\"sitemap-item page_item page-item-5832\"><a href=\"https:\/\/www.inoxbim.com\/de\/datenschutz-und-cookie-richtlinie\/\">Datenschutz- und Cookie-Richtlinie<\/a><\/li>\n<li class=\"sitemap-item page_item page-item-5836\"><a href=\"https:\/\/www.inoxbim.com\/de\/sitemap\/\">Sitemap<\/a><\/li>\n<\/ul><\/div><\/div><br style=\"clear: both;\">\n<\/div><div class=\"fusion-text fusion-text-2\"><div id=\"simple-sitemap-container-69fde1d3400e9\" class=\"simple-sitemap-container simple-sitemap-container-69fde1d3400e9 tab-disabled\"><div class=\"simple-sitemap-wrap\"><h3 class=\"post-type\">Linee di prodotto<\/h3><ul class=\"simple-sitemap-inoxbim_product main\"><li class=\"sitemap-item\"><a href=\"https:\/\/www.inoxbim.com\/de\/prodotti-inoxbim\/ablageschranke\/\">Ablageschr\u00e4nke<\/a><\/li><li class=\"sitemap-item\"><a href=\"https:\/\/www.inoxbim.com\/de\/prodotti-inoxbim\/bbq-grills\/\">BBQ-Grills<\/a><\/li><li class=\"sitemap-item\"><a href=\"https:\/\/www.inoxbim.com\/de\/prodotti-inoxbim\/brotregal-gewurzregal\/\">Brotregal\/Gew\u00fcrzregal<\/a><\/li><li class=\"sitemap-item\"><a href=\"https:\/\/www.inoxbim.com\/de\/prodotti-inoxbim\/eiswurfelbereiter\/\">Eisw\u00fcrfelbereiter<\/a><\/li><li class=\"sitemap-item\"><a href=\"https:\/\/www.inoxbim.com\/de\/prodotti-inoxbim\/elektro-und-gas-brater\/\">Elektro und Gas-Br\u00e4ter<\/a><\/li><li class=\"sitemap-item\"><a href=\"https:\/\/www.inoxbim.com\/de\/prodotti-inoxbim\/elektro-und-gas-kochkessel\/\">Elektro und Gas-Kochkessel<\/a><\/li><li class=\"sitemap-item\"><a href=\"https:\/\/www.inoxbim.com\/de\/prodotti-inoxbim\/elektroherde\/\">Elektroherde<\/a><\/li><li class=\"sitemap-item\"><a href=\"https:\/\/www.inoxbim.com\/de\/prodotti-inoxbim\/frei-stehender-herd-mit-offenen-flammen\/\">Frei stehender Herd mit offenen Flammen<\/a><\/li><li class=\"sitemap-item\"><a href=\"https:\/\/www.inoxbim.com\/de\/prodotti-inoxbim\/fritteuse-mit-zubehor\/\">Fritteuse mit Aufbau<\/a><\/li><li class=\"sitemap-item\"><a href=\"https:\/\/www.inoxbim.com\/de\/prodotti-inoxbim\/frontlader-spulmaschinen\/\">Frontlader-Sp\u00fclmaschinen<\/a><\/li><li class=\"sitemap-item\"><a href=\"https:\/\/www.inoxbim.com\/de\/prodotti-inoxbim\/gas-oder-elektrofritteusen\/\">Gas- oder Elektrofritteusen<\/a><\/li><li class=\"sitemap-item\"><a href=\"https:\/\/www.inoxbim.com\/de\/prodotti-inoxbim\/gas-oder-elektrogrillplatten\/\">Gas- oder Elektrogrillplatten<\/a><\/li><li class=\"sitemap-item\"><a href=\"https:\/\/www.inoxbim.com\/de\/prodotti-inoxbim\/gas-oder-elektronudelkocher\/\">Gas- oder Elektronudelkocher<\/a><\/li><li class=\"sitemap-item\"><a href=\"https:\/\/www.inoxbim.com\/de\/prodotti-inoxbim\/glaserspuler\/\">Gl\u00e4sersp\u00fcler<\/a><\/li><li class=\"sitemap-item\"><a href=\"https:\/\/www.inoxbim.com\/de\/prodotti-inoxbim\/komplettgrills\/\">Grills mit Aufbau<\/a><\/li><li class=\"sitemap-item\"><a href=\"https:\/\/www.inoxbim.com\/de\/prodotti-inoxbim\/handwaschbecken\/\">Handwaschbecken<\/a><\/li><li class=\"sitemap-item\"><a href=\"https:\/\/www.inoxbim.com\/de\/prodotti-inoxbim\/hangeschranke\/\">H\u00e4ngeschr\u00e4nke<\/a><\/li><li class=\"sitemap-item\"><a href=\"https:\/\/www.inoxbim.com\/de\/prodotti-inoxbim\/haubenspulmaschinen\/\">Haubensp\u00fclmaschinen<\/a><\/li><li class=\"sitemap-item\"><a href=\"https:\/\/www.inoxbim.com\/de\/prodotti-inoxbim\/herd-mit-offenen-flammen\/\">Herd mit offenen Flammen<\/a><\/li><li class=\"sitemap-item\"><a href=\"https:\/\/www.inoxbim.com\/de\/prodotti-inoxbim\/klapptische\/\">Klapptische<\/a><\/li><li class=\"sitemap-item\"><a href=\"https:\/\/www.inoxbim.com\/de\/prodotti-inoxbim\/klimaschranke\/\">Klimaschr\u00e4nke<\/a><\/li><li class=\"sitemap-item\"><a href=\"https:\/\/www.inoxbim.com\/de\/prodotti-inoxbim\/kuhl-tiefkuhl-gastronomietische\/\">K\u00fchl-\/Tiefk\u00fchl-Gastronomietische<\/a><\/li><li class=\"sitemap-item\"><a href=\"https:\/\/www.inoxbim.com\/de\/prodotti-inoxbim\/kuhl-tiefkuhl-konditoreitische\/\">K\u00fchl-\/Tiefk\u00fchl-Konditoreitische<\/a><\/li><li class=\"sitemap-item\"><a href=\"https:\/\/www.inoxbim.com\/de\/prodotti-inoxbim\/kuhl-tiefkuhlschranke\/\">K\u00fchl-\/Tiefk\u00fchlschr\u00e4nke<\/a><\/li><li class=\"sitemap-item\"><a href=\"https:\/\/www.inoxbim.com\/de\/prodotti-inoxbim\/kuhl-einbauelemente-mit-wanne-und-vertiefung\/\">K\u00fchl-Einbauelemente mit Wanne und Vertiefung<\/a><\/li><li class=\"sitemap-item\"><a href=\"https:\/\/www.inoxbim.com\/de\/prodotti-inoxbim\/kuhlelemente-mit-wanne-und-vertiefung\/\">K\u00fchlelemente mit Wanne und Vertiefung<\/a><\/li><li class=\"sitemap-item\"><a href=\"https:\/\/www.inoxbim.com\/de\/prodotti-inoxbim\/armadi-refrigerati-a-class\/\">K\u00fchlschr\u00e4nke A Klasse<\/a><\/li><li class=\"sitemap-item\"><a href=\"https:\/\/www.inoxbim.com\/de\/prodotti-inoxbim\/ofen\/\">\u00d6fen<\/a><\/li><li class=\"sitemap-item\"><a href=\"https:\/\/www.inoxbim.com\/de\/prodotti-inoxbim\/pizzatische\/\">Pizzatische<\/a><\/li><li class=\"sitemap-item\"><a href=\"https:\/\/www.inoxbim.com\/de\/prodotti-inoxbim\/pizzeria-vitrinen\/\">Pizzeria-Vitrinen<\/a><\/li><li class=\"sitemap-item\"><a href=\"https:\/\/www.inoxbim.com\/de\/prodotti-inoxbim\/regale\/\">Regale<\/a><\/li><li class=\"sitemap-item\"><a href=\"https:\/\/www.inoxbim.com\/de\/prodotti-inoxbim\/macchef-schnellkuhler\/\">Schnellk\u00fchler<\/a><\/li><li class=\"sitemap-item\"><a href=\"https:\/\/www.inoxbim.com\/de\/prodotti-inoxbim\/schnellkuhler\/\">Schnellk\u00fchler<\/a><\/li><li class=\"sitemap-item\"><a href=\"https:\/\/www.inoxbim.com\/de\/prodotti-inoxbim\/schnellkuhler-auftaugerate-plus\/\">Schnellk\u00fchler\/Auftauger\u00e4te Plus<\/a><\/li><li class=\"sitemap-item\"><a href=\"https:\/\/www.inoxbim.com\/de\/prodotti-inoxbim\/schranke-fur-die-garunterbrechung\/\">Schr\u00e4nke f\u00fcr die G\u00e4runterbrechung<\/a><\/li><li class=\"sitemap-item\"><a href=\"https:\/\/www.inoxbim.com\/de\/prodotti-inoxbim\/schrankspulen\/\">Schranksp\u00fclen<\/a><\/li><li class=\"sitemap-item\"><a href=\"https:\/\/www.inoxbim.com\/de\/prodotti-inoxbim\/schranktische\/\">Schranktische<\/a><\/li><li class=\"sitemap-item\"><a href=\"https:\/\/www.inoxbim.com\/de\/prodotti-inoxbim\/schubladenelemente-kastenbehalter-schranktische-mit-schubladenelement-schubladen\/\">Schubladenelemente, Kastenbeh\u00e4lter, Schranktische mit Schubladenelement\/Schubladen<\/a><\/li><li class=\"sitemap-item\"><a href=\"https:\/\/www.inoxbim.com\/de\/prodotti-inoxbim\/spulen-mit-beinen\/\">Sp\u00fclen mit Beinen<\/a><\/li><li class=\"sitemap-item\"><a href=\"https:\/\/www.inoxbim.com\/de\/prodotti-inoxbim\/tisch-mit-beinen\/\">Tisch mit Beinen<\/a><\/li><li class=\"sitemap-item\"><a href=\"https:\/\/www.inoxbim.com\/de\/prodotti-inoxbim\/tische-fur-die-fischverarbeitung\/\">Tische f\u00fcr die Fischverarbeitung<\/a><\/li><li class=\"sitemap-item\"><a href=\"https:\/\/www.inoxbim.com\/de\/prodotti-inoxbim\/vorspultische-fur-spulmaschinen\/\">Vorsp\u00fcltische f\u00fcr Sp\u00fclmaschinen<\/a><\/li><li class=\"sitemap-item\"><a href=\"https:\/\/www.inoxbim.com\/de\/prodotti-inoxbim\/warmhalte-und-wasserbadelemente-mit-vertiefung\/\">Warmhalte- und Wasserbadelemente mit Vertiefung<\/a><\/li><li class=\"sitemap-item\"><a href=\"https:\/\/www.inoxbim.com\/de\/prodotti-inoxbim\/warmhalte-einbauelemente\/\">Warmhalte-Einbauelemente<\/a><\/li><li class=\"sitemap-item\"><a href=\"https:\/\/www.inoxbim.com\/de\/prodotti-inoxbim\/warmhaltetische\/\">Warmhaltetische<\/a><\/li><li class=\"sitemap-item\"><a href=\"https:\/\/www.inoxbim.com\/de\/prodotti-inoxbim\/zubehor\/\">Zubeh\u00f6r<\/a><\/li><\/ul><\/div><\/div><br style=\"clear: both;\">\n<\/div><div class=\"fusion-clearfix\"><\/div><\/div><\/div><div class=\"fusion-layout-column fusion_builder_column fusion-builder-column-1 fusion_builder_column_1_2 1_2 fusion-one-half fusion-column-last\" style=\"--awb-bg-size:cover;--awb-margin-bottom:0px;width:48%;\"><div class=\"fusion-column-wrapper fusion-flex-column-wrapper-legacy\"><div class=\"fusion-text fusion-text-3\"><div id=\"simple-sitemap-container-69fde1d35085c\" class=\"simple-sitemap-container simple-sitemap-container-69fde1d35085c tab-disabled\"><div class=\"simple-sitemap-wrap\"><h3 class=\"post-type\">Beitr\u00e4ge<\/h3><p class=\"no-posts\">Sorry, no beitr\u00e4ge found.<\/p><\/div><\/div><br style=\"clear: both;\">\n<\/div><div class=\"fusion-clearfix\"><\/div><\/div><\/div><\/div><\/div>\n","protected":false},"excerpt":{"rendered":"","protected":false},"author":1,"featured_media":0,"parent":0,"menu_order":14,"comment_status":"closed","ping_status":"closed","template":"","meta":{"_acf_changed":false,"footnotes":""},"class_list":["post-5836","page","type-page","status-publish","hentry"],"acf":[],"yoast_head":"<!-- This site is optimized with the Yoast SEO plugin v22.6 - https:\/\/yoast.com\/wordpress\/plugins\/seo\/ -->\n<title>Sitemap - Inoxbim<\/title>\n<meta name=\"robots\" content=\"index, follow, max-snippet:-1, max-image-preview:large, max-video-preview:-1\" \/>\n<link rel=\"canonical\" href=\"https:\/\/www.inoxbim.com\/de\/sitemap\/\" \/>\n<meta property=\"og:locale\" content=\"de_DE\" \/>\n<meta property=\"og:type\" content=\"article\" \/>\n<meta property=\"og:title\" content=\"Sitemap - Inoxbim\" \/>\n<meta property=\"og:url\" content=\"https:\/\/www.inoxbim.com\/de\/sitemap\/\" \/>\n<meta property=\"og:site_name\" content=\"Inoxbim\" \/>\n<meta property=\"article:modified_time\" content=\"2019-05-06T10:17:54+00:00\" \/>\n<meta name=\"twitter:card\" content=\"summary_large_image\" \/>\n<meta name=\"twitter:label1\" content=\"Gesch\u00e4tzte Lesezeit\" \/>\n\t<meta name=\"twitter:data1\" content=\"1\u00a0Minute\" \/>\n<script type=\"application\/ld+json\" class=\"yoast-schema-graph\">{\"@context\":\"https:\/\/schema.org\",\"@graph\":[{\"@type\":\"WebPage\",\"@id\":\"https:\/\/www.inoxbim.com\/de\/sitemap\/\",\"url\":\"https:\/\/www.inoxbim.com\/de\/sitemap\/\",\"name\":\"Sitemap - Inoxbim\",\"isPartOf\":{\"@id\":\"https:\/\/www.inoxbim.com\/#website\"},\"datePublished\":\"2019-05-06T10:15:56+00:00\",\"dateModified\":\"2019-05-06T10:17:54+00:00\",\"breadcrumb\":{\"@id\":\"https:\/\/www.inoxbim.com\/de\/sitemap\/#breadcrumb\"},\"inLanguage\":\"de\",\"potentialAction\":[{\"@type\":\"ReadAction\",\"target\":[\"https:\/\/www.inoxbim.com\/de\/sitemap\/\"]}]},{\"@type\":\"BreadcrumbList\",\"@id\":\"https:\/\/www.inoxbim.com\/de\/sitemap\/#breadcrumb\",\"itemListElement\":[{\"@type\":\"ListItem\",\"position\":1,\"name\":\"Home\",\"item\":\"https:\/\/www.inoxbim.com\/de\/\"},{\"@type\":\"ListItem\",\"position\":2,\"name\":\"Sitemap\"}]},{\"@type\":\"WebSite\",\"@id\":\"https:\/\/www.inoxbim.com\/#website\",\"url\":\"https:\/\/www.inoxbim.com\/\",\"name\":\"Inoxbim\",\"description\":\"Attrezzature per ristorazione\",\"potentialAction\":[{\"@type\":\"SearchAction\",\"target\":{\"@type\":\"EntryPoint\",\"urlTemplate\":\"https:\/\/www.inoxbim.com\/?s={search_term_string}\"},\"query-input\":\"required name=search_term_string\"}],\"inLanguage\":\"de\"}]}<\/script>\n<!-- \/ Yoast SEO plugin. -->","yoast_head_json":{"title":"Sitemap - Inoxbim","robots":{"index":"index","follow":"follow","max-snippet":"max-snippet:-1","max-image-preview":"max-image-preview:large","max-video-preview":"max-video-preview:-1"},"canonical":"https:\/\/www.inoxbim.com\/de\/sitemap\/","og_locale":"de_DE","og_type":"article","og_title":"Sitemap - Inoxbim","og_url":"https:\/\/www.inoxbim.com\/de\/sitemap\/","og_site_name":"Inoxbim","article_modified_time":"2019-05-06T10:17:54+00:00","twitter_card":"summary_large_image","twitter_misc":{"Gesch\u00e4tzte Lesezeit":"1\u00a0Minute"},"schema":{"@context":"https:\/\/schema.org","@graph":[{"@type":"WebPage","@id":"https:\/\/www.inoxbim.com\/de\/sitemap\/","url":"https:\/\/www.inoxbim.com\/de\/sitemap\/","name":"Sitemap - Inoxbim","isPartOf":{"@id":"https:\/\/www.inoxbim.com\/#website"},"datePublished":"2019-05-06T10:15:56+00:00","dateModified":"2019-05-06T10:17:54+00:00","breadcrumb":{"@id":"https:\/\/www.inoxbim.com\/de\/sitemap\/#breadcrumb"},"inLanguage":"de","potentialAction":[{"@type":"ReadAction","target":["https:\/\/www.inoxbim.com\/de\/sitemap\/"]}]},{"@type":"BreadcrumbList","@id":"https:\/\/www.inoxbim.com\/de\/sitemap\/#breadcrumb","itemListElement":[{"@type":"ListItem","position":1,"name":"Home","item":"https:\/\/www.inoxbim.com\/de\/"},{"@type":"ListItem","position":2,"name":"Sitemap"}]},{"@type":"WebSite","@id":"https:\/\/www.inoxbim.com\/#website","url":"https:\/\/www.inoxbim.com\/","name":"Inoxbim","description":"Attrezzature per ristorazione","potentialAction":[{"@type":"SearchAction","target":{"@type":"EntryPoint","urlTemplate":"https:\/\/www.inoxbim.com\/?s={search_term_string}"},"query-input":"required name=search_term_string"}],"inLanguage":"de"}]}},"_links":{"self":[{"href":"https:\/\/www.inoxbim.com\/de\/wp-json\/wp\/v2\/pages\/5836","targetHints":{"allow":["GET"]}}],"collection":[{"href":"https:\/\/www.inoxbim.com\/de\/wp-json\/wp\/v2\/pages"}],"about":[{"href":"https:\/\/www.inoxbim.com\/de\/wp-json\/wp\/v2\/types\/page"}],"author":[{"embeddable":true,"href":"https:\/\/www.inoxbim.com\/de\/wp-json\/wp\/v2\/users\/1"}],"replies":[{"embeddable":true,"href":"https:\/\/www.inoxbim.com\/de\/wp-json\/wp\/v2\/comments?post=5836"}],"version-history":[{"count":0,"href":"https:\/\/www.inoxbim.com\/de\/wp-json\/wp\/v2\/pages\/5836\/revisions"}],"wp:attachment":[{"href":"https:\/\/www.inoxbim.com\/de\/wp-json\/wp\/v2\/media?parent=5836"}],"curies":[{"name":"wp","href":"https:\/\/api.w.org\/{rel}","templated":true}]}}