{"id":5832,"date":"2019-05-06T12:15:34","date_gmt":"2019-05-06T10:15:34","guid":{"rendered":"https:\/\/www.inoxbim.com\/datenschutz-und-cookie-richtlinie\/"},"modified":"2019-05-06T12:17:52","modified_gmt":"2019-05-06T10:17:52","slug":"datenschutz-und-cookie-richtlinie","status":"publish","type":"page","link":"https:\/\/www.inoxbim.com\/de\/datenschutz-und-cookie-richtlinie\/","title":{"rendered":"Datenschutz- und Cookie-Richtlinie"},"content":{"rendered":"<div class=\"fusion-fullwidth fullwidth-box fusion-builder-row-1 nonhundred-percent-fullwidth non-hundred-percent-height-scrolling\" style=\"--awb-border-radius-top-left:0px;--awb-border-radius-top-right:0px;--awb-border-radius-bottom-right:0px;--awb-border-radius-bottom-left:0px;--awb-flex-wrap:wrap;\" ><div class=\"fusion-builder-row fusion-row\"><div class=\"fusion-layout-column fusion_builder_column fusion-builder-column-0 fusion_builder_column_1_1 1_1 fusion-one-full fusion-column-first fusion-column-last\" style=\"--awb-bg-size:cover;\"><div class=\"fusion-column-wrapper fusion-flex-column-wrapper-legacy\"><div class=\"fusion-text fusion-text-1\"><p>Datenschutzinformationen<\/p>\n<p>Auf dieser Seite wird Personen, die die telematisch verf\u00fcgbaren Webdienste \u00fcber die Adresse\u00a0www.inoxbim.com nutzen, erkl\u00e4rt, mit welchen Modalit\u00e4ten die personenbezogenen Daten der Nutzer, die auf die Website\u00a0<a href=\"https:\/\/www.inoxbim.com\">www.inoxbim.com<\/a> zugreifen, behandelt werden. Diese Information entspricht dem Art.\u00a013 der Verordnung f\u00fcr den Schutz personenbezogener Daten (GvD\u00a0Nr.\u00a0196\/2003) und der <strong><a href=\"https:\/\/www.inoxbim.com\/wp-content\/uploads\/2019\/03\/Reg-UE-2016-679.pdf\">Verordnung\u00a0(EU)\u00a02016\/679<\/a><\/strong>&nbsp;<\/p>\n<p>Die Information gilt ausschlie\u00dflich f\u00fcr die Website\u00a0www.inoxbim.com und nicht f\u00fcr andere Websites, die vom Nutzer evtl. \u00fcber Verkn\u00fcpfungen auf dieser Seite besucht werden.<\/p>\n<p>Indem Sie auf der Website\u00a0www.inoxbim.com navigieren, akzeptieren Sie die in dieser Datenschutzinformation beschriebenen Vorgehensweisen.<\/p>\n<p>Betroffene Personen<\/p>\n<p><strong>Rechtsinhaber der Datenverarbeitung<\/strong><br \/>\nDer Rechtsinhaber der Datenverarbeitung ist der amtierende gesetzliche Vertreter von InoxBim\u00a0Srl mit Sitz in Via\u00a0San\u00a0Tommaso\u00a018- 47042\u00a0Villa\u00a0Marina\u00a0di\u00a0Cesenatico\u00a0(FC).<\/p>\n<p><strong>Verantwortlicher der Datenverarbeitung<\/strong><br \/>\nDer Verantwortliche der Datenverarbeitung ist die Firma Retina\u00a0di\u00a0Mattiolo, Grespigna, Vaselli S.n.c. mit Sitz in Pesaro, Via\u00a0Filangieri\u00a069, Tel.&nbsp;+39\u00a00541.833687, www.grupporetina.com.<\/p>\n<p><strong>Ort der Datenverarbeitung<\/strong><br \/>\nDie Datenverarbeitung in Zusammenhang mit den Webdiensten dieser Website erfolgt im Sitz des Verantwortlichen der Datenverarbeitung und wird ausschlie\u00dflich von firmeninternen, dazu beauftragten Technikern durchgef\u00fchrt.<\/p>\n<p>Keine der \u00fcber die Website\u00a0www.inoxbim.com erfassten Daten werden an Dritte weitergeleitet oder preisgegeben.<\/p>\n<p>Automatisch verarbeitete Daten<\/p>\n<p><strong>Navigationsdaten<\/strong><br \/>\nDie f\u00fcr den Betrieb der Website\u00a0www.inoxbim.com eingesetzten Datenverarbeitungssysteme und die Software erfassen im Laufe ihres normalen Betriebs einige personenbezogene Daten, deren \u00dcbertragung beim Gebrauch von Internet-Kommunikationsprotokollen selbstverst\u00e4ndlich erfolgt. Diese Daten werden ausschlie\u00dflich zum Erfassen anonymer statistischer Informationen zur Nutzung der Website, zum Pr\u00fcfen ihrer korrekten Verwendung und zur Gew\u00e4hrleistung einer raschen und effizienten Nutzung der Website verwendet. Die vollst\u00e4ndigen Informationen zur Verwendung der Cookies finden Sie unter der Cookie-Richtlinie.<\/p>\n<p><strong>Freiwillige mitgeteilte Daten<\/strong><br \/>\nDem Nutzer steht es frei, die in den Bestellformularen erfragten und f\u00fcr die Registrierung auf der Website, die Anmeldung zum Newsletter oder f\u00fcr andere Mitteilungen oder den Erhalt von Informationen erforderlichen personenbezogenen Daten preiszugeben. Die fehlende Bereitstellung der Daten macht die Erf\u00fcllung einer Anfrage unm\u00f6glich.<\/p>\n<p><strong>Newsletter<\/strong><br \/>\nDie von den Nutzern, die sich zum Newsletter anmelden wollen, bereitgestellten personenbezogenen Daten (E-Mail-Adresse) werden ausschlie\u00dflich f\u00fcr die Erf\u00fcllung der Anfrage verwendet, die in der Zusendung regelm\u00e4\u00dfiger Informationen zu Produktneuheiten, Angeboten und Aktionen, auslaufenden Produkten und Veranstaltungen besteht. Der Nutzer kann die Anmeldung zum Newsletter jederzeit l\u00f6schen; in diesem Fall werden die entsprechenden Daten mit Ausnahme evtl. gesetzlich vorgeschriebener Daten zum Zweck der \u00f6ffentlichen Sicherheit umgehend gel\u00f6scht.<\/p>\n<p><strong>Daten f\u00fcr die Registrierung auf der Website<\/strong><br \/>\nDie von den Nutzern, die sich auf der Website registrieren wollen, bereitgestellten personenbezogenen Daten (Mindestangaben: Vorname, Nachname, Wohnanschrift und E-Mail-Adresse, vom Nutzer erstelltes Passwort; weitere Angaben: Geburtsdatum und -ort, Telefonnummern) werden ausschlie\u00dflich f\u00fcr die Erf\u00fcllung des erfragten Dienstes verwendet, der in Angeboten und Sonderaktionen f\u00fcr registrierte Nutzer besteht. Die f\u00fcr die Registrierung auf der Website bereitgestellten Daten werden im Fall von K\u00e4ufen seitens des registrierten Nutzers au\u00dferdem f\u00fcr die Abwicklung und Best\u00e4tigung der Bestellungen verwendet. Der Nutzer kann sein Konto jederzeit l\u00f6schen; in diesem Fall werden die entsprechenden Daten mit Ausnahme evtl. Daten in Zusammenhang mit der Erf\u00fcllung von Rechnungslegungspflichten und zum Zweck der \u00f6ffentlichen Sicherheit innerhalb von 10\u00a0Tagen gel\u00f6scht.<\/p>\n<p><strong>F\u00fcr die Abwicklung von Bestellungen bereitgestellte Daten<\/strong><br \/>\nAuf der Website\u00a0www.inoxbim.com k\u00f6nnen auch nicht registrierte Nutzer Eink\u00e4ufe t\u00e4tigen. In diesem Fall wird der Kunde zum ausschlie\u00dflichen Zweck der Abwicklung der Bestellung zur Angabe von Daten aufgefordert (Vorname Nachname, Wohnanschrift und E-Mail-Adresse, Daten f\u00fcr die Rechnungstellung, Lieferadresse, wenn sie von der Wohnadresse abweicht, sowie bei Kunden, die im Ausland wohnen, Geburtsdatum und -ort).<\/p>\n<p><strong>Bereitgestellte Daten bei Kauf eines Geschenkgutscheins<\/strong><br \/>\nBei Kauf eines Geschenkgutscheins kann der K\u00e4ufer eine andere beg\u00fcnstigte Person angeben. In diesem Fall wird er dazu aufgefordert, den Namen und die E-Mail-Adresse des Beg\u00fcnstigten anzugeben, damit dieser den Geschenkgutschein erhalten und verwenden kann. Die Daten des Beg\u00fcnstigten werden so lange aufbewahrt, bis der Geschenkgutschein vollst\u00e4ndig aufgebraucht ist bzw. so lange, wie dies f\u00fcr die angeforderte Leistung und die Erf\u00fcllung der Rechnungslegungspflichten erforderlich ist.<\/p>\n<p><strong>Weitere, vom Nutzer freiwillig gelieferte Daten<\/strong><br \/>\nDas ausdr\u00fcckliche und freiwillige Versenden von elektronischer Post an die in dieser Website angegebenen Adressen bedingt die Erfassung der Adresse des Absenders, die zur Beantwortung der Anfragen notwendig ist, sowie allf\u00e4lliger personenbezogener Daten, die in der Mitteilung enthalten sind.<\/p>\n<p><strong>Zahlungsdaten<\/strong><br \/>\nDie Zahlungsdaten werden direkt von Paypal erfasst und laufen niemals \u00fcber die Website\u00a0www.inoxbim.com: F\u00fcr Informationen zu ihrer Verarbeitung wird daher auf die Website\u00a0www.paypal.com verwiesen, f\u00fcr die Inox\u00a0Bim\u00a0Srl jegliche Haftung ablehnt.<\/p>\n<p><strong>Daten f\u00fcr die Erf\u00fcllung von Steuerpflichten<\/strong><br \/>\nF\u00fcr die Erstellung der Steuerunterlagen gem\u00e4\u00df den geltenden gesetzlichen Bestimmungen wird der Nutzer nach folgenden Daten gefragt: Vorname, Nachname, Wohnanschrift, Steuernummer, USt-ID (wenn vorhanden). HINWEIS: Gem\u00e4\u00df Dekret des Pr\u00e4sidenten der Republik\u00a0Nr.\u00a0633\/1972 und Artikel\u00a021 des Gesetzesdekrets\u00a0Nr.\u00a078\/2010 sowie Art.\u00a02 Absatz\u00a06 des Gesetzesdekrets\u00a016\/2012 m\u00fcssen Nutzer, die einen Kauf vom Ausland aus t\u00e4tigen, auch den Geburtsort, das Geburtsland und -datum sowie ihre Wohnanschrift bekannt geben. Die fehlende Bereitstellung der Daten macht die Erstellung der Steuerunterlagen unm\u00f6glich und der Bestellvorgang kann nicht fortgesetzt werden.<\/p>\n<p><strong>Modalit\u00e4t der Datenverarbeitung<\/strong><br \/>\nDie personenbezogenen Daten werden mit elektronischen Hilfsmitteln nur so lange verarbeitet, wie dies f\u00fcr den Zweck, f\u00fcr den sie erfasst wurden, unbedingt n\u00f6tig ist. Es werden spezifische Sicherheitsvorkehrungen getroffen, um einem Datenverlust, einem Missbrauch oder einem widerrechtlichen Zutritt zu den Daten vorzubeugen.<\/p>\n<p><strong>Datensicherheit<\/strong><br \/>\nDie Daten werden \u00fcber die Hosting-Plattform von Defende\u00a0s.a.s. erfasst und in der Serverfarm in Via\u00a0Persico,\u00a031 &#8211; 26100\u00a0Cremona\u00a0(CR) aufbewahrt, deren Sicherheitsniveau zertifiziert ist und die innerhalb der Branche zu den besten ihrer Art geh\u00f6rt.<\/p>\n<p><strong>Daten\u00fcbermittlung<\/strong><br \/>\nDie der Firma InoxBim\u00a0Srl mitgeteilten Daten werden ausschlie\u00dflich zum Zweck der korrekten Ausf\u00fchrung der T\u00e4tigkeiten und zur Erf\u00fcllung der in Auftrag genommenen Leistungen an Dritte weitergeleitet. Die Daten werden an folgende Personen\/Einrichtungen weitergeleitet:<br \/>\n\u2014 an \u00f6ffentliche und private Einrichtungen zum Zweck der korrekten Erf\u00fcllung der \u00fcbernommenen vertraglichen und gesetzlichen Verpflichtungen;<br \/>\n\u2014 an das Transportunternehmen, das mit der Lieferung und\/oder Abholung der gekauften Produkte beauftragt wurde;<br \/>\n\u2014 an Einrichtungen (einschlie\u00dflich \u00f6ffentlicher Beh\u00f6rden), die im Rahmen von Rechts- oder Verwaltungsma\u00dfnahmen Zugang zu den Daten haben.<\/p>\n<p>Dar\u00fcber hinaus \u00fcbermittelt oder verbreitet InoxBim\u00a0Srl die Daten aus keinerlei Gr\u00fcnden an Dritte.<\/p>\n<p><strong>Rechte der Betroffenen<\/strong><br \/>\nDie Personen, auf die sich die pers\u00f6nlichen Daten beziehen, haben das Recht, jederzeit eine Best\u00e4tigung \u00fcber das Vorhandensein oder Nichtvorhandensein von Daten zu erhalten, ihren Inhalt und Ursprung zu erfahren, ihre Genauigkeit zu pr\u00fcfen, ihre Vervollst\u00e4ndigung, Aktualisierung oder Korrektur zu verlangen (Art.\u00a07 des GvD Nr.\u00a0196\/2003 und Verordnung\u00a0(EU)\u00a02016\/679).<\/p>\n<p>Im Sinne desselben Artikels haben die Personen, auf die sich die personenbezogenen Daten beziehen, das Recht, die L\u00f6schung, Umwandlung in anonyme Form oder die Sperre von rechtswidrig bearbeiteten Daten zu verlangen, sowie sich aus gerechtfertigten Gr\u00fcnden deren Bearbeitung zu widersetzen.<\/p>\n<p>COOKIE-RICHTLINIEN<\/p>\n<p><strong>Cookies<\/strong><br \/>\nCookies sind kurze Textdateien, die beim Besuch einer Website auf das Ger\u00e4t des Nutzers gesendet werden (normalerweise an den Browser). Hier werden sie gespeichert, um beim n\u00e4chsten Besuch desselben Nutzers an die Website, von der sie stammen, zur\u00fcckgeschickt zu werden. W\u00e4hrend der Navigation auf einer Website kann der Nutzer auf seinem Terminal auch Cookies erhalten, die von anderen Websites oder Webservern geschickt werden (so genannte \u201eDritte Parteien\u201d), auf denen einige Elemente enthalten sein k\u00f6nnen (wie zum Beispiel Bilder, Karten, T\u00f6ne, spezielle Links zu Seiten anderer Dom\u00e4nen), die auf der aktuell besuchten Website vorhanden sind.<\/p>\n<p>Die Website\u00a0www.inoxbim.com verwendet nur technische Cookies, f\u00fcr die keine vorherige Zustimmung vom Nutzer erforderlich ist, die aber, wie anschlie\u00dfend erkl\u00e4rt, verweigert werden k\u00f6nnen.<\/p>\n<p><strong>Technische Cookies<\/strong><br \/>\nGem\u00e4\u00df Art.\u00a0122, Absatz\u00a01 der Datenschutz-Grundverordnung (GvD Nr.\u00a0196\/2003 und Verordnung\u00a0(EU)\u00a02016\/679) werden technische Cookies nur benutzt, \u201eum die \u00dcbertragung einer Nachricht \u00fcber ein elektronisches Kommunikationsnetz durchzuf\u00fchren oder, wenn dies unbedingt erforderlich ist, damit der Anbieter eines Dienstes der Informationsgesellschaft, der vom Teilnehmer oder Nutzer ausdr\u00fccklich gew\u00fcnscht wurde, diesen Dienst zur Verf\u00fcgung zu stellen kann\u201c. Die technischen Cookies sind wie folgt unterteilt:<\/p>\n<p>\u2014 Navigations- oder Session-Cookies, die die normale Navigation und die Nutzung der Website erm\u00f6glichen;<br \/>\n\u2014 Analytische Cookies erm\u00f6glichen zusammen mit&nbsp;Web\u00a0Beacons&nbsp;und&nbsp;Server\u00a0Logs die anonyme Berechnung der Besuche der Website in aggregierter Form und die Feststellung, welche ihrer Teile am beliebtesten sind, um sie benutzerfreundlicher zu machen (beispielsweise handelt es sich hierbei um IP-Adressen oder Dom\u00e4nennamen der von den Nutzern verwendeten Computer, die sich mit der Website verbinden, sowie andere Parameter des Betriebssystems und der IT-Umgebung des Nutzers).<br \/>\n\u2014 Funktionelle Cookies machen dem Nutzer die Navigation nach einer Reihe von ausgew\u00e4hlten Kriterien (z.\u00a0B. der Sprache) m\u00f6glich, um den Service zu verbessern. Um bei der Benutzung der Website\u00a0www.inoxbim.com mehr Sicherheit zu gew\u00e4hrleisten, werden die Login-Daten des Nutzers f\u00fcr die Anmeldung zum reservierten Bereich nicht von der Website oder ihrer Verwaltungssoftware gespeichert: Deshalb m\u00fcssen diese Daten bei jedem Besuch neu eingegeben werden.<\/p>\n<div id=\"bodycontent\"><\/div>\n<p>Auf einigen Seiten der Website\u00a0www.inoxbim.com k\u00f6nnten&nbsp;Cookies&nbsp;von Dritten aktiv sein. Bez\u00fcglich der mit solchen&nbsp;Cookies erfassten Daten wird betont, dass InoxBim\u00a0Srl keinerlei Zutritt dazu hat und daher jede Verantwortung in diesem Zusammenhang ablehnt. Es wird auf die Datenschutzerkl\u00e4rungen der jeweiligen Rechtsinhaber verwiesen:<\/p>\n<p>\u2014 Facebook, https:\/\/www.facebook.com\/policy.php; \u2014 Twitter, https:\/\/twitter.com\/privacy; \u2014 Pinterest, https:\/\/about.pinterest.com\/en\/privacy-policy.<\/p>\n<p><strong>Verwendung von Google Analytics&nbsp;<\/strong><br \/>\nDie Website\u00a0www.inoxbim.com interagiert mit dem System Google\u00a0Analytics, einem Web-Analyse-System, das mit Hilfe von Cookies in vollkommen anonymer Form analysiert, wie die Nutzer die Website benutzen.<\/p>\n<p>www.inoxbim.com macht von Tools f\u00fcr die Analyse der Navigationsdaten in aggregierter Form Gebrauch, die eine Verbesserung von Websites erm\u00f6glichen (Web\u00a0Trends und Google\u00a0Analytics). Google\u00a0Analytics verwendet Cookies, die auf dem Computer des Nutzers gespeichert werden, damit der Betreiber der Websites analysieren kann, wie die Nutzer die Websites verwenden. Die Informationen, die die Cookies \u00fcber die Verwendung der Websites seitens der Nutzer erstellen (einschlie\u00dflich der \u00fcber IP-Masking anonymisierten IP-Adresse, bei der die letzten 8\u00a0Bits entfernt werden), werden an Google gesendet und auf dessen Server in den USA gespeichert. Google verwendet diese Informationen, um die Verwendung der Website durch den Nutzer zu verfolgen und zu analysieren und um f\u00fcr die Betreiber der Website Berichte \u00fcber die Aktivit\u00e4ten der Website und die Verwendung des Internets zu erstellen. Um die Speicherung der Cookies von Google Analytics auf dem eigenen Computer zu verhindern, muss die daf\u00fcr erforderliche Zusatzkomponente von der Adresse https:\/\/tools.google.com\/dlpage\/gaoptout heruntergeladen und die Anleitung befolgt werden. F\u00fcr weitere Informationen wird auf die Cookie-Richtlinie von Google Analytics verwiesen:&nbsp;https:\/\/developers.google.com\/analytics\/devguides\/collection\/analyticsjs\/cookie-usage.<\/p>\n<p><strong>Verweildauer der Cookies<\/strong><br \/>\nSession-Cookies<br \/>\nDie so genannten Session-Cookies werden w\u00e4hrend einer Navigationssitzung \u00fcbertragen: Diese Cookies werden nicht dauerhaft auf dem Computer des Nutzers gespeichert, sondern beim Schlie\u00dfen des Browsers gel\u00f6scht. Ihre Verwendung ist auf die \u00dcbertragung von Session-IDs beschr\u00e4nkt (bestehend aus Nummern, die nach dem Zufallsprinzip vom Server generiert werden), die f\u00fcr eine sichere und effiziente Navigation auf der Website erforderlich sind, und sie bewirken bzw. erm\u00f6glichen keine Erfassung von personenbezogenen Daten des Nutzers.<br \/>\nPermanente Cookies<br \/>\nDie so genannten permanenten Cookies werden w\u00e4hrend einer Navigationssitzung \u00fcbertragen, jedoch nach dem Schlie\u00dfen des Browsers nicht gel\u00f6scht: Sie werden dauerhaft auf dem Computer des Nutzers gespeichert, der dadurch beim n\u00e4chsten Navigieren als Nutzer, der die Website bereits besucht hat, erkannt wird. Die permanenten Cookies verbleiben bis zu ihrem Verfall bzw. bis sie gel\u00f6scht werden, auf dem Computer. Die permanenten Cookies, die von der Website\u00a0www.inoxbim.com benutzt werden, haben eine Verweildauer von maximal 1\u00a0Jahr.<\/p>\n<p><strong>Deaktivierung der Cookies<\/strong><br \/>\nEs wird erinnert, dass der Nutzer durch entsprechende \u00c4nderungen an den Browsereinstellungen vorab vom Vorhandensein evtl.&nbsp;Cookies informiert wird und\/oder diese automatisch verweigern kann. Wir bitten Sie, sich auf der Seite zu den technischen Hilfen Ihres Browsers dar\u00fcber zu informieren, wie die Einstellungen ge\u00e4ndert werden k\u00f6nnen.<\/p>\n<p>Der Nutzer kann au\u00dferdem einzelne Cookies, die von der Website\u00a0www.inoxbim.com kommen, deaktivieren oder Ausnahmen erstellen, um sie zu akzeptieren.<\/p>\n<p>ANMERKUNG: Es wird darauf aufmerksam gemacht, dass die Deaktivierung von Cookies dazu f\u00fchren kann, dass einige Dienste oder Abschnitte der Website\u00a0www.inoxbim.com nicht mehr korrekt funktionieren.<\/p>\n<\/div><div class=\"fusion-clearfix\"><\/div><\/div><\/div><\/div><\/div>\n","protected":false},"excerpt":{"rendered":"","protected":false},"author":1,"featured_media":0,"parent":0,"menu_order":13,"comment_status":"closed","ping_status":"closed","template":"100-width.php","meta":{"_acf_changed":false,"footnotes":""},"class_list":["post-5832","page","type-page","status-publish","hentry"],"acf":[],"yoast_head":"<!-- This site is optimized with the Yoast SEO plugin v22.6 - https:\/\/yoast.com\/wordpress\/plugins\/seo\/ -->\n<title>Datenschutz- und Cookie-Richtlinie - Inoxbim<\/title>\n<meta name=\"robots\" content=\"index, follow, max-snippet:-1, max-image-preview:large, max-video-preview:-1\" \/>\n<link rel=\"canonical\" href=\"https:\/\/www.inoxbim.com\/de\/datenschutz-und-cookie-richtlinie\/\" \/>\n<meta property=\"og:locale\" content=\"de_DE\" \/>\n<meta property=\"og:type\" content=\"article\" \/>\n<meta property=\"og:title\" content=\"Datenschutz- und Cookie-Richtlinie - Inoxbim\" \/>\n<meta property=\"og:url\" content=\"https:\/\/www.inoxbim.com\/de\/datenschutz-und-cookie-richtlinie\/\" \/>\n<meta property=\"og:site_name\" content=\"Inoxbim\" \/>\n<meta property=\"article:modified_time\" content=\"2019-05-06T10:17:52+00:00\" \/>\n<meta name=\"twitter:card\" content=\"summary_large_image\" \/>\n<meta name=\"twitter:label1\" content=\"Gesch\u00e4tzte Lesezeit\" \/>\n\t<meta name=\"twitter:data1\" content=\"11\u00a0Minuten\" \/>\n<script type=\"application\/ld+json\" class=\"yoast-schema-graph\">{\"@context\":\"https:\/\/schema.org\",\"@graph\":[{\"@type\":\"WebPage\",\"@id\":\"https:\/\/www.inoxbim.com\/de\/datenschutz-und-cookie-richtlinie\/\",\"url\":\"https:\/\/www.inoxbim.com\/de\/datenschutz-und-cookie-richtlinie\/\",\"name\":\"Datenschutz- und Cookie-Richtlinie - Inoxbim\",\"isPartOf\":{\"@id\":\"https:\/\/www.inoxbim.com\/#website\"},\"datePublished\":\"2019-05-06T10:15:34+00:00\",\"dateModified\":\"2019-05-06T10:17:52+00:00\",\"breadcrumb\":{\"@id\":\"https:\/\/www.inoxbim.com\/de\/datenschutz-und-cookie-richtlinie\/#breadcrumb\"},\"inLanguage\":\"de\",\"potentialAction\":[{\"@type\":\"ReadAction\",\"target\":[\"https:\/\/www.inoxbim.com\/de\/datenschutz-und-cookie-richtlinie\/\"]}]},{\"@type\":\"BreadcrumbList\",\"@id\":\"https:\/\/www.inoxbim.com\/de\/datenschutz-und-cookie-richtlinie\/#breadcrumb\",\"itemListElement\":[{\"@type\":\"ListItem\",\"position\":1,\"name\":\"Home\",\"item\":\"https:\/\/www.inoxbim.com\/de\/\"},{\"@type\":\"ListItem\",\"position\":2,\"name\":\"Datenschutz- und Cookie-Richtlinie\"}]},{\"@type\":\"WebSite\",\"@id\":\"https:\/\/www.inoxbim.com\/#website\",\"url\":\"https:\/\/www.inoxbim.com\/\",\"name\":\"Inoxbim\",\"description\":\"Attrezzature per ristorazione\",\"potentialAction\":[{\"@type\":\"SearchAction\",\"target\":{\"@type\":\"EntryPoint\",\"urlTemplate\":\"https:\/\/www.inoxbim.com\/?s={search_term_string}\"},\"query-input\":\"required name=search_term_string\"}],\"inLanguage\":\"de\"}]}<\/script>\n<!-- \/ Yoast SEO plugin. -->","yoast_head_json":{"title":"Datenschutz- und Cookie-Richtlinie - Inoxbim","robots":{"index":"index","follow":"follow","max-snippet":"max-snippet:-1","max-image-preview":"max-image-preview:large","max-video-preview":"max-video-preview:-1"},"canonical":"https:\/\/www.inoxbim.com\/de\/datenschutz-und-cookie-richtlinie\/","og_locale":"de_DE","og_type":"article","og_title":"Datenschutz- und Cookie-Richtlinie - Inoxbim","og_url":"https:\/\/www.inoxbim.com\/de\/datenschutz-und-cookie-richtlinie\/","og_site_name":"Inoxbim","article_modified_time":"2019-05-06T10:17:52+00:00","twitter_card":"summary_large_image","twitter_misc":{"Gesch\u00e4tzte Lesezeit":"11\u00a0Minuten"},"schema":{"@context":"https:\/\/schema.org","@graph":[{"@type":"WebPage","@id":"https:\/\/www.inoxbim.com\/de\/datenschutz-und-cookie-richtlinie\/","url":"https:\/\/www.inoxbim.com\/de\/datenschutz-und-cookie-richtlinie\/","name":"Datenschutz- und Cookie-Richtlinie - Inoxbim","isPartOf":{"@id":"https:\/\/www.inoxbim.com\/#website"},"datePublished":"2019-05-06T10:15:34+00:00","dateModified":"2019-05-06T10:17:52+00:00","breadcrumb":{"@id":"https:\/\/www.inoxbim.com\/de\/datenschutz-und-cookie-richtlinie\/#breadcrumb"},"inLanguage":"de","potentialAction":[{"@type":"ReadAction","target":["https:\/\/www.inoxbim.com\/de\/datenschutz-und-cookie-richtlinie\/"]}]},{"@type":"BreadcrumbList","@id":"https:\/\/www.inoxbim.com\/de\/datenschutz-und-cookie-richtlinie\/#breadcrumb","itemListElement":[{"@type":"ListItem","position":1,"name":"Home","item":"https:\/\/www.inoxbim.com\/de\/"},{"@type":"ListItem","position":2,"name":"Datenschutz- und Cookie-Richtlinie"}]},{"@type":"WebSite","@id":"https:\/\/www.inoxbim.com\/#website","url":"https:\/\/www.inoxbim.com\/","name":"Inoxbim","description":"Attrezzature per ristorazione","potentialAction":[{"@type":"SearchAction","target":{"@type":"EntryPoint","urlTemplate":"https:\/\/www.inoxbim.com\/?s={search_term_string}"},"query-input":"required name=search_term_string"}],"inLanguage":"de"}]}},"_links":{"self":[{"href":"https:\/\/www.inoxbim.com\/de\/wp-json\/wp\/v2\/pages\/5832","targetHints":{"allow":["GET"]}}],"collection":[{"href":"https:\/\/www.inoxbim.com\/de\/wp-json\/wp\/v2\/pages"}],"about":[{"href":"https:\/\/www.inoxbim.com\/de\/wp-json\/wp\/v2\/types\/page"}],"author":[{"embeddable":true,"href":"https:\/\/www.inoxbim.com\/de\/wp-json\/wp\/v2\/users\/1"}],"replies":[{"embeddable":true,"href":"https:\/\/www.inoxbim.com\/de\/wp-json\/wp\/v2\/comments?post=5832"}],"version-history":[{"count":0,"href":"https:\/\/www.inoxbim.com\/de\/wp-json\/wp\/v2\/pages\/5832\/revisions"}],"wp:attachment":[{"href":"https:\/\/www.inoxbim.com\/de\/wp-json\/wp\/v2\/media?parent=5832"}],"curies":[{"name":"wp","href":"https:\/\/api.w.org\/{rel}","templated":true}]}}