{"id":5830,"date":"2019-05-06T12:15:23","date_gmt":"2019-05-06T10:15:23","guid":{"rendered":"https:\/\/www.inoxbim.com\/made-in-italy\/"},"modified":"2025-03-10T09:34:06","modified_gmt":"2025-03-10T08:34:06","slug":"made-in-italy","status":"publish","type":"page","link":"https:\/\/www.inoxbim.com\/de\/made-in-italy\/","title":{"rendered":"Made in Italy"},"content":{"rendered":"<p><div class=\"fusion-fullwidth fullwidth-box fusion-builder-row-1 nonhundred-percent-fullwidth non-hundred-percent-height-scrolling\" style=\"--awb-border-radius-top-left:0px;--awb-border-radius-top-right:0px;--awb-border-radius-bottom-right:0px;--awb-border-radius-bottom-left:0px;--awb-background-color:#eaeff3;--awb-flex-wrap:wrap;\" ><div class=\"fusion-builder-row fusion-row\"><div class=\"fusion-layout-column fusion_builder_column fusion-builder-column-0 fusion_builder_column_1_1 1_1 fusion-one-full fusion-column-first fusion-column-last\" style=\"--awb-bg-size:cover;\"><div class=\"fusion-column-wrapper fusion-flex-column-wrapper-legacy\">\n<div class=\"fusion-slider-revolution rev_slider_wrapper\">\t\t\t<!-- START qualit\u00e0 REVOLUTION SLIDER 6.6.13 --><p class=\"rs-p-wp-fix\"><\/p>\n\t\t\t<rs-module-wrap id=\"rev_slider_4_1_wrapper\" data-source=\"gallery\" style=\"visibility:hidden;background:transparent;padding:0;margin:0px auto;margin-top:0;margin-bottom:0;\">\n\t\t\t\t<rs-module id=\"rev_slider_4_1\" style=\"\" data-version=\"6.6.13\">\n\t\t\t\t\t<rs-slides style=\"overflow: hidden; position: absolute;\">\n\t\t\t\t\t\t<rs-slide style=\"position: absolute;\" data-key=\"rs-7\" data-title=\"Slide\" data-thumb=\"\/\/www.inoxbim.com\/wp-content\/uploads\/2017\/09\/Roma-3_res-100x50.jpg\" data-anim=\"adpr:false;\">\n\t\t\t\t\t\t\t<img decoding=\"async\" src=\"\/\/www.inoxbim.com\/wp-content\/plugins\/revslider\/public\/assets\/assets\/dummy.png\" alt=\"\" title=\"Roma 3_res\" width=\"1440\" height=\"1080\" class=\"rev-slidebg tp-rs-img rs-lazyload\" data-lazyload=\"\/\/www.inoxbim.com\/wp-content\/uploads\/2017\/09\/Roma-3_res.jpg\" data-no-retina>\n<!---->\t\t\t\t\t\t<\/rs-slide>\n\t\t\t\t\t\t<rs-slide style=\"position: absolute;\" data-key=\"rs-8\" data-title=\"Slide\" data-thumb=\"\/\/www.inoxbim.com\/wp-content\/uploads\/2017\/09\/immagine-inoxbim_res-100x50.jpg\" data-anim=\"adpr:false;\">\n\t\t\t\t\t\t\t<img decoding=\"async\" src=\"\/\/www.inoxbim.com\/wp-content\/plugins\/revslider\/public\/assets\/assets\/dummy.png\" alt=\"\" title=\"immagine-inoxbim_res\" width=\"1440\" height=\"1080\" class=\"rev-slidebg tp-rs-img rs-lazyload\" data-lazyload=\"\/\/www.inoxbim.com\/wp-content\/uploads\/2017\/09\/immagine-inoxbim_res.jpg\" data-no-retina>\n<!---->\t\t\t\t\t\t<\/rs-slide>\n\t\t\t\t\t\t<rs-slide style=\"position: absolute;\" data-key=\"rs-9\" data-title=\"Slide\" data-thumb=\"\/\/www.inoxbim.com\/wp-content\/uploads\/2017\/09\/slider-azienda-2-100x50.jpg\" data-anim=\"adpr:false;\">\n\t\t\t\t\t\t\t<img decoding=\"async\" src=\"\/\/www.inoxbim.com\/wp-content\/plugins\/revslider\/public\/assets\/assets\/dummy.png\" alt=\"\" title=\"slider-azienda-2\" width=\"1140\" height=\"340\" class=\"rev-slidebg tp-rs-img rs-lazyload\" data-lazyload=\"\/\/www.inoxbim.com\/wp-content\/uploads\/2017\/09\/slider-azienda-2.jpg\" data-no-retina>\n<!---->\t\t\t\t\t\t<\/rs-slide>\n\t\t\t\t\t\t<rs-slide style=\"position: absolute;\" data-key=\"rs-10\" data-title=\"Slide\" data-thumb=\"\/\/www.inoxbim.com\/wp-content\/uploads\/2017\/09\/slider-azienda-3-100x50.jpg\" data-anim=\"adpr:false;\">\n\t\t\t\t\t\t\t<img decoding=\"async\" src=\"\/\/www.inoxbim.com\/wp-content\/plugins\/revslider\/public\/assets\/assets\/dummy.png\" alt=\"\" title=\"slider-azienda-3\" width=\"1140\" height=\"340\" class=\"rev-slidebg tp-rs-img rs-lazyload\" data-lazyload=\"\/\/www.inoxbim.com\/wp-content\/uploads\/2017\/09\/slider-azienda-3.jpg\" data-no-retina>\n<!---->\t\t\t\t\t\t<\/rs-slide>\n\t\t\t\t\t<\/rs-slides>\n\t\t\t\t<\/rs-module>\n\t\t\t\t<script>\n\t\t\t\t\tsetREVStartSize({c: 'rev_slider_4_1',rl:[1240,1024,778,480],el:[],gw:[1140],gh:[340],type:'standard',justify:'',layout:'fullwidth',mh:\"0\"});if (window.RS_MODULES!==undefined && window.RS_MODULES.modules!==undefined && window.RS_MODULES.modules[\"revslider41\"]!==undefined) {window.RS_MODULES.modules[\"revslider41\"].once = false;window.revapi4 = undefined;if (window.RS_MODULES.checkMinimal!==undefined) window.RS_MODULES.checkMinimal()}\n\t\t\t\t<\/script>\n\t\t\t<\/rs-module-wrap>\n\t\t\t<!-- END REVOLUTION SLIDER -->\n<\/div><div class=\"fusion-sep-clear\"><\/div><div class=\"fusion-separator fusion-full-width-sep\" style=\"margin-left: auto;margin-right: auto;margin-top:50px;width:100%;\"><\/div><div class=\"fusion-sep-clear\"><\/div><div class=\"fusion-text fusion-text-1\"><p>Dank fortlaufender Investitionen in technologische Innovationen ist es INOXBIM gelungen, sich als italienischer Hersteller einen Namen zu machen. Besonders viel Wert wird dabei auf Energieeinsparung und die Wertsch\u00e4tzung der italienischen Gastronomie gelegt.<\/p>\n<\/div><div class=\"fusion-builder-row fusion-builder-row-inner fusion-row\"><div class=\"fusion-layout-column fusion_builder_column_inner fusion-builder-nested-column-0 fusion_builder_column_inner_1_2 1_2 fusion-one-half fusion-column-first\" style=\"--awb-bg-size:cover;width:50%;width:calc(50% - ( ( 4% ) * 0.5 ) );margin-right: 4%;\"><div class=\"fusion-column-wrapper fusion-flex-column-wrapper-legacy\"><div class=\"fusion-text fusion-text-2\"><p><strong>S\u00e4mtliche Einrichtungs- und Ausstattungsgegenst\u00e4nde von INOXBIM werden in \u00dcbereinstimmung mit den Anforderungen italienischer Fachleute des HORECA-Sektors hergestellt, die sich durch einen hohen, weltweit anerkannten Qualit\u00e4tsstandard auszeichnen. Die verschiedenen Produktlinien entsprechen den folgenden geltenden gesetzlichen Bestimmungen hinsichtlich:<\/strong><\/p>\n<p><strong>\u203a Arbeitssicherheit:<\/strong> Unsere Produktionsst\u00e4tten wurden unter Einhaltung der gesetzlichen Vorschriften entworfen, um unser technisches Team und externe Mitarbeiter vor m\u00f6glichen Gesundheitssch\u00e4den und Unf\u00e4llen zu sch\u00fctzen.<\/p>\n<p><strong>\u203a Hygiene:<\/strong> Die von Inoxbim verfolgten Arbeitsverfahren entsprechen den Vorschriften zum Gesundheitsschutz und wurden unter Beachtung des Umweltschutzes entwickelt, um die Auswirkungen so gering wie m\u00f6glich zu halten.<\/p>\n<\/div><div class=\"fusion-clearfix\"><\/div><\/div><\/div><div class=\"fusion-layout-column fusion_builder_column_inner fusion-builder-nested-column-1 fusion_builder_column_inner_1_2 1_2 fusion-one-half fusion-column-last\" style=\"--awb-bg-size:cover;width:50%;width:calc(50% - ( ( 4% ) * 0.5 ) );\"><div class=\"fusion-column-wrapper fusion-flex-column-wrapper-legacy\"><div class=\"fusion-text fusion-text-3\"><p><strong>\u203a Maschinenrichtlinie:<\/strong> Unsere Investitionen dienen dem Kauf moderner Maschinen, die hochwertige und sichere Arbeitsverfahren f\u00fcr die Bearbeitung von Materialien wie Stahl garantieren.<\/p>\n<p>Dank der intensiven Zusammenarbeit mit dem Studio\u00a0Tarsi entspricht Inoxbim den von der \u201eMaschinenrichtlinie\u201c festgelegten Anforderungen. Dieses von der EU verfasste Gesetz, regelt die Bestimmungen bez\u00fcglich des Baus von Maschinen, um die Sicherheit von Produkten, die auf den Markt gebracht werden, zu verbessern. F\u00fcr alle Belange, die mit gasbetriebenen Maschinen zu tun haben, arbeitet Inoxbim au\u00dferdem mit Flam\u00a0Gas\u00a0Laboratories und Prima\u00a0Control zusammen.<\/p>\n<\/div><div class=\"fusion-clearfix\"><\/div><\/div><\/div><\/div><div class=\"fusion-counters-box counters-box row fusion-clearfix fusion-columns-4\" style=\"--awb-body-size:20;--awb-border-color:rgba(255,255,255,0);--awb-color:#003768;--awb-title-size:40;--awb-border-color:rgba(255,255,255,0);\" id=\"contatore\"><div class=\"fusion-counter-box fusion-column col-counter-box counter-box-wrapper col-lg-3 col-md-3 col-sm-3\" data-animationOffset=\"top-into-view\"><div class=\"counter-box-container\"><div class=\"content-box-percentage content-box-counter\"><span class=\"display-counter\" data-value=\"100\" data-direction=\"up\" data-decimals=\"0\">0<\/span><\/div><div class=\"counter-box-content\"> pro Monat verarbeiteter Edelstahl<\/div><\/div><\/div><div class=\"fusion-counter-box fusion-column col-counter-box counter-box-wrapper col-lg-3 col-md-3 col-sm-3\" data-animationOffset=\"top-into-view\"><div class=\"counter-box-container\"><div class=\"content-box-percentage content-box-counter\"><span class=\"display-counter\" data-value=\"80\" data-direction=\"up\" data-decimals=\"0\">0<\/span><\/div><div class=\"counter-box-content\">Besch\u00e4ftigte<\/div><\/div><\/div><div class=\"fusion-counter-box fusion-column col-counter-box counter-box-wrapper col-lg-3 col-md-3 col-sm-3\" data-animationOffset=\"top-into-view\"><div class=\"counter-box-container\"><div class=\"content-box-percentage content-box-counter\"><span class=\"display-counter\" data-value=\"8.000\" data-direction=\"up\" data-decimals=\"3\">0<\/span><span class=\"unit\"> m2<\/span><\/div><div class=\"counter-box-content\">Werk<\/div><\/div><\/div><div class=\"fusion-counter-box fusion-column col-counter-box counter-box-wrapper col-lg-3 col-md-3 col-sm-3\" data-animationOffset=\"top-into-view\"><div class=\"counter-box-container\"><div class=\"content-box-percentage content-box-counter\"><span class=\"display-counter\" data-value=\"30.000\" data-direction=\"up\" data-decimals=\"3\">0<\/span><span class=\"unit\"> <\/span><\/div><div class=\"counter-box-content\">im vergangenen Jahr erzeugte Teile<\/div><\/div><\/div><\/div><div class=\"clearfix\"><\/div><div class=\"fusion-clearfix\"><\/div><\/div><\/div><\/div><\/div><div class=\"fusion-fullwidth fullwidth-box fusion-builder-row-2 nonhundred-percent-fullwidth non-hundred-percent-height-scrolling fusion-equal-height-columns\" style=\"--awb-border-radius-top-left:0px;--awb-border-radius-top-right:0px;--awb-border-radius-bottom-right:0px;--awb-border-radius-bottom-left:0px;--awb-flex-wrap:wrap;\" ><div class=\"fusion-builder-row fusion-row\"><div class=\"fusion-layout-column fusion_builder_column fusion-builder-column-1 fusion_builder_column_2_3 2_3 fusion-two-third fusion-column-first\" style=\"--awb-bg-size:cover;--awb-margin-bottom:0px;width:65.3333%; margin-right: 4%;\"><div class=\"fusion-column-wrapper fusion-flex-column-wrapper-legacy\"><div class=\"fusion-title title fusion-title-1 fusion-sep-none fusion-title-text fusion-title-size-four\"><h4 class=\"fusion-title-heading title-heading-left\" style=\"margin:0;\">Inoxbim ist au\u00dferdem ISO\u00a09001 zertifiziert und besitzt daher die notwendigen Anforderungen an das Qualit\u00e4tsmanagementsystem \u2013 ausgehend vom Gesch\u00e4ftsbereich \u00fcber das Beschaffungsmanagement bis hin zur Produktion.<\/h4><\/div><div class=\"fusion-clearfix\"><\/div><\/div><\/div><div class=\"fusion-layout-column fusion_builder_column fusion-builder-column-2 fusion_builder_column_1_3 1_3 fusion-one-third fusion-column-last\" style=\"--awb-bg-size:cover;--awb-margin-bottom:0px;width:30.6666%;\" id=\"frecciablu\"><div class=\"fusion-column-wrapper fusion-flex-column-wrapper-legacy\"><div class=\"fusion-alignleft\"><a class=\"fusion-button button-flat button-large button-custom fusion-button-default button-1 fusion-button-default-span fusion-button-default-type\" style=\"--button_accent_color:#ffffff;--button_border_color:#ffffff;--button_accent_hover_color:#ffffff;--button_border_hover_color:#ffffff;--button_gradient_top_color:#7d5f38;--button_gradient_bottom_color:#7d5f38;--button_gradient_top_color_hover:#e04622;--button_gradient_bottom_color_hover:#e04622;\" target=\"_blank\" rel=\"noopener noreferrer\" title=\"ZERTIFIZIERUNG NACH ISO\" aria-label=\"ZERTIFIZIERUNG NACH ISO\" href=\"\/wp-content\/uploads\/2020\/02\/ING_ITNO_000129_GenericCertificate_Final.pdf\"><span class=\"fusion-button-text\">ZERTIFIZIERUNG NACH ISO<\/span><\/a><\/div><div class=\"fusion-clearfix\"><\/div><\/div><\/div><\/div><\/div><\/p>\n","protected":false},"excerpt":{"rendered":"","protected":false},"author":1,"featured_media":0,"parent":0,"menu_order":2,"comment_status":"closed","ping_status":"closed","template":"100-width.php","meta":{"_acf_changed":false,"footnotes":""},"class_list":["post-5830","page","type-page","status-publish","hentry"],"acf":[],"yoast_head":"<!-- This site is optimized with the Yoast SEO plugin v22.6 - https:\/\/yoast.com\/wordpress\/plugins\/seo\/ -->\n<title>Made in Italy - Inoxbim<\/title>\n<meta name=\"robots\" content=\"index, follow, max-snippet:-1, max-image-preview:large, max-video-preview:-1\" \/>\n<link rel=\"canonical\" href=\"https:\/\/www.inoxbim.com\/de\/made-in-italy\/\" \/>\n<meta property=\"og:locale\" content=\"de_DE\" \/>\n<meta property=\"og:type\" content=\"article\" \/>\n<meta property=\"og:title\" content=\"Made in Italy - Inoxbim\" \/>\n<meta property=\"og:url\" content=\"https:\/\/www.inoxbim.com\/de\/made-in-italy\/\" \/>\n<meta property=\"og:site_name\" content=\"Inoxbim\" \/>\n<meta property=\"article:modified_time\" content=\"2025-03-10T08:34:06+00:00\" \/>\n<meta name=\"twitter:card\" content=\"summary_large_image\" \/>\n<meta name=\"twitter:label1\" content=\"Gesch\u00e4tzte Lesezeit\" \/>\n\t<meta name=\"twitter:data1\" content=\"3\u00a0Minuten\" \/>\n<script type=\"application\/ld+json\" class=\"yoast-schema-graph\">{\"@context\":\"https:\/\/schema.org\",\"@graph\":[{\"@type\":\"WebPage\",\"@id\":\"https:\/\/www.inoxbim.com\/de\/made-in-italy\/\",\"url\":\"https:\/\/www.inoxbim.com\/de\/made-in-italy\/\",\"name\":\"Made in Italy - Inoxbim\",\"isPartOf\":{\"@id\":\"https:\/\/www.inoxbim.com\/#website\"},\"datePublished\":\"2019-05-06T10:15:23+00:00\",\"dateModified\":\"2025-03-10T08:34:06+00:00\",\"breadcrumb\":{\"@id\":\"https:\/\/www.inoxbim.com\/de\/made-in-italy\/#breadcrumb\"},\"inLanguage\":\"de\",\"potentialAction\":[{\"@type\":\"ReadAction\",\"target\":[\"https:\/\/www.inoxbim.com\/de\/made-in-italy\/\"]}]},{\"@type\":\"BreadcrumbList\",\"@id\":\"https:\/\/www.inoxbim.com\/de\/made-in-italy\/#breadcrumb\",\"itemListElement\":[{\"@type\":\"ListItem\",\"position\":1,\"name\":\"Home\",\"item\":\"https:\/\/www.inoxbim.com\/de\/\"},{\"@type\":\"ListItem\",\"position\":2,\"name\":\"Made in Italy\"}]},{\"@type\":\"WebSite\",\"@id\":\"https:\/\/www.inoxbim.com\/#website\",\"url\":\"https:\/\/www.inoxbim.com\/\",\"name\":\"Inoxbim\",\"description\":\"Attrezzature per ristorazione\",\"potentialAction\":[{\"@type\":\"SearchAction\",\"target\":{\"@type\":\"EntryPoint\",\"urlTemplate\":\"https:\/\/www.inoxbim.com\/?s={search_term_string}\"},\"query-input\":\"required name=search_term_string\"}],\"inLanguage\":\"de\"}]}<\/script>\n<!-- \/ Yoast SEO plugin. -->","yoast_head_json":{"title":"Made in Italy - Inoxbim","robots":{"index":"index","follow":"follow","max-snippet":"max-snippet:-1","max-image-preview":"max-image-preview:large","max-video-preview":"max-video-preview:-1"},"canonical":"https:\/\/www.inoxbim.com\/de\/made-in-italy\/","og_locale":"de_DE","og_type":"article","og_title":"Made in Italy - Inoxbim","og_url":"https:\/\/www.inoxbim.com\/de\/made-in-italy\/","og_site_name":"Inoxbim","article_modified_time":"2025-03-10T08:34:06+00:00","twitter_card":"summary_large_image","twitter_misc":{"Gesch\u00e4tzte Lesezeit":"3\u00a0Minuten"},"schema":{"@context":"https:\/\/schema.org","@graph":[{"@type":"WebPage","@id":"https:\/\/www.inoxbim.com\/de\/made-in-italy\/","url":"https:\/\/www.inoxbim.com\/de\/made-in-italy\/","name":"Made in Italy - Inoxbim","isPartOf":{"@id":"https:\/\/www.inoxbim.com\/#website"},"datePublished":"2019-05-06T10:15:23+00:00","dateModified":"2025-03-10T08:34:06+00:00","breadcrumb":{"@id":"https:\/\/www.inoxbim.com\/de\/made-in-italy\/#breadcrumb"},"inLanguage":"de","potentialAction":[{"@type":"ReadAction","target":["https:\/\/www.inoxbim.com\/de\/made-in-italy\/"]}]},{"@type":"BreadcrumbList","@id":"https:\/\/www.inoxbim.com\/de\/made-in-italy\/#breadcrumb","itemListElement":[{"@type":"ListItem","position":1,"name":"Home","item":"https:\/\/www.inoxbim.com\/de\/"},{"@type":"ListItem","position":2,"name":"Made in Italy"}]},{"@type":"WebSite","@id":"https:\/\/www.inoxbim.com\/#website","url":"https:\/\/www.inoxbim.com\/","name":"Inoxbim","description":"Attrezzature per ristorazione","potentialAction":[{"@type":"SearchAction","target":{"@type":"EntryPoint","urlTemplate":"https:\/\/www.inoxbim.com\/?s={search_term_string}"},"query-input":"required name=search_term_string"}],"inLanguage":"de"}]}},"_links":{"self":[{"href":"https:\/\/www.inoxbim.com\/de\/wp-json\/wp\/v2\/pages\/5830","targetHints":{"allow":["GET"]}}],"collection":[{"href":"https:\/\/www.inoxbim.com\/de\/wp-json\/wp\/v2\/pages"}],"about":[{"href":"https:\/\/www.inoxbim.com\/de\/wp-json\/wp\/v2\/types\/page"}],"author":[{"embeddable":true,"href":"https:\/\/www.inoxbim.com\/de\/wp-json\/wp\/v2\/users\/1"}],"replies":[{"embeddable":true,"href":"https:\/\/www.inoxbim.com\/de\/wp-json\/wp\/v2\/comments?post=5830"}],"version-history":[{"count":1,"href":"https:\/\/www.inoxbim.com\/de\/wp-json\/wp\/v2\/pages\/5830\/revisions"}],"predecessor-version":[{"id":275234,"href":"https:\/\/www.inoxbim.com\/de\/wp-json\/wp\/v2\/pages\/5830\/revisions\/275234"}],"wp:attachment":[{"href":"https:\/\/www.inoxbim.com\/de\/wp-json\/wp\/v2\/media?parent=5830"}],"curies":[{"name":"wp","href":"https:\/\/api.w.org\/{rel}","templated":true}]}}